{"id":10329,"date":"2026-02-23T23:58:41","date_gmt":"2026-02-23T20:58:41","guid":{"rendered":"https:\/\/emdproje.com\/en\/?page_id=10329"},"modified":"2026-03-09T23:22:31","modified_gmt":"2026-03-09T20:22:31","slug":"our-services","status":"publish","type":"page","link":"https:\/\/emdproje.com\/en\/our-services\/","title":{"rendered":"Our Services"},"content":{"rendered":"\t\t<div data-elementor-type=\"wp-page\" data-elementor-id=\"10329\" class=\"elementor elementor-10329\">\n\t\t\t\t        <section class=\"elementor-section elementor-top-section elementor-element elementor-element-17f449b elementor-section-full_width elementor-section-height-default elementor-section-height-default ct-header-fixed-none ct-row-max-none\" data-id=\"17f449b\" data-element_type=\"section\" data-e-type=\"section\" data-settings=\"{&quot;background_background&quot;:&quot;classic&quot;}\">\n            \n                        <div class=\"elementor-container elementor-column-gap-default \">\n                    <div class=\"elementor-column elementor-col-100 elementor-top-column elementor-element elementor-element-3b365a3\" data-id=\"3b365a3\" data-element_type=\"column\" data-e-type=\"column\">\n        <div class=\"elementor-widget-wrap elementor-element-populated\">\n                    \n        \r\n\t\t<div class=\"elementor-element elementor-element-6bbc8b6 elementor-absolute elementor-widget elementor-widget-ct_image\" data-id=\"6bbc8b6\" data-element_type=\"widget\" data-e-type=\"widget\" data-settings=\"{&quot;_position&quot;:&quot;absolute&quot;}\" data-widget_type=\"ct_image.default\">\n\t\t\t\t<div class=\"elementor-widget-container\">\n\t\t\t\t\t<div class=\"ct-image-single img-type-img ct-no-effect  \" data-wow-delay=\"ms\">\r\n                        <img fetchpriority=\"high\" decoding=\"async\" width=\"1920\" height=\"502\" src=\"https:\/\/emdproje.com\/en\/wp-content\/uploads\/2025\/04\/image-92.webp\" class=\"attachment-full\" alt=\"\" \/>            <\/div>\t\t\t\t<\/div>\n\t\t\t\t<\/div>\n\t\t\t\t<div class=\"elementor-element elementor-element-f5d2e54 pxl-container elementor-widget elementor-widget-ct_heading\" data-id=\"f5d2e54\" data-element_type=\"widget\" data-e-type=\"widget\" data-widget_type=\"ct_heading.default\">\n\t\t\t\t<div class=\"elementor-widget-container\">\n\t\t\t\t\t<div id=\"ct_heading-f5d2e54\" class=\"ct-heading h-align- sub-style13 ct-heading-left item-st-default\">\r\n    <div class=\"ct-item--inner\">\r\n        <div class=\"ct-inline-css\" data-css=\"\r\n            \">\r\n        <\/div>\r\n                    <div class=\"item--sub-title style13 -line\">\r\n                                                                Corporate                                                                            <\/div>\r\n                <h3 class=\"item--title st-default wow pxl-split-text split-in-right\" data-wow-delay=\"200ms\">\r\n                        <span class=\"sp-main\">\r\n                \r\n                Our Services\r\n                \r\n                            <\/span>\r\n                    <\/h3>\r\n    <\/div>\r\n<\/div>\t\t\t\t<\/div>\n\t\t\t\t<\/div>\n\t\t        <section class=\"elementor-section elementor-inner-section elementor-element elementor-element-7422da4 elementor-section-full_width pxl-container elementor-section-height-default elementor-section-height-default ct-header-fixed-none ct-row-max-none\" data-id=\"7422da4\" data-element_type=\"section\" data-e-type=\"section\">\n            \n                        <div class=\"elementor-container elementor-column-gap-default \">\n                    <div class=\"elementor-column elementor-col-100 elementor-inner-column elementor-element elementor-element-38620ca\" data-id=\"38620ca\" data-element_type=\"column\" data-e-type=\"column\">\n        <div class=\"elementor-widget-wrap elementor-element-populated\">\n                    \n        \t\t<div class=\"elementor-element elementor-element-735a504 elementor-widget elementor-widget-ct_service_carousel\" data-id=\"735a504\" data-element_type=\"widget\" data-e-type=\"widget\" data-widget_type=\"ct_service_carousel.default\">\n\t\t\t\t<div class=\"elementor-widget-container\">\n\t\t\t\t\t\r\n<div id=\"ct_service_carousel-735a504\" class=\"ct-service-carousel3 ct-slick-slider style1\">\r\n    <div class=\"ct-carousel-inner\">\r\n        <div class=\"ct-slick-carousel\" data-arrows=\"\" data-dots=\"\" data-pauseOnHover=\"false\" data-autoplay=\"\" data-autoplaySpeed=\"5000\" data-infinite=\"\" data-speed=\"500\" data-colxs=\"1\" data-colsm=\"3\" data-colmd=\"3\" data-collg=\"4\" data-colxl=\"4\" data-dir=\"false\" data-slidesToScroll=\"1\">\r\n                    <div class=\"carousel-item slick-slide\">\r\n                <div class=\"grid-item-inner wow fadeInUp\">\r\n                    <div class=\"grid-item-holder\">\r\n                        <div class=\"item--overlay\"><\/div>\r\n\r\n                        \r\n                                                    <div class=\"item--icon\">\r\n                                <img decoding=\"async\" width=\"155\" height=\"140\" src=\"https:\/\/emdproje.com\/en\/wp-content\/uploads\/2025\/03\/1-2.jpg\" class=\"attachment-full\" alt=\"\" \/>                            <\/div>\r\n                        \r\n                                                    <h3 class=\"item--title\"><a href=\"https:\/\/emdproje.com\/en\/service\/mekanik-tesisat-taahhut-hizmetleri\/\">Mechanical Installation Contracting Services<\/a><\/h3>\r\n                                                                            <div class=\"item--content\">\r\n                                Mechanical installation systems are the most critical components of projects in terms of comfort, safety, and energy efficiency.                            <\/div>\r\n                                                                            <div class=\"entry-readmore\">\r\n                                <a href=\"https:\/\/emdproje.com\/en\/service\/mekanik-tesisat-taahhut-hizmetleri\/\">\r\n                                    See More                                    <i class=\"fac fac-angle-double-right space-left\"><\/i>\r\n                                <\/a>\r\n                                <a class=\"text-gradient\" href=\"https:\/\/emdproje.com\/en\/service\/mekanik-tesisat-taahhut-hizmetleri\/\">\r\n                                    See More                                    <i class=\"fac fac-angle-double-right space-left\"><\/i>\r\n                                <\/a>\r\n                            <\/div>\r\n                                            <\/div>\r\n                <\/div>\r\n            <\/div>\r\n                    <div class=\"carousel-item slick-slide\">\r\n                <div class=\"grid-item-inner wow fadeInUp\">\r\n                    <div class=\"grid-item-holder\">\r\n                        <div class=\"item--overlay\"><\/div>\r\n\r\n                        \r\n                                                    <div class=\"item--icon\">\r\n                                <img decoding=\"async\" width=\"155\" height=\"140\" src=\"https:\/\/emdproje.com\/en\/wp-content\/uploads\/2025\/02\/2-1.jpg\" class=\"attachment-full\" alt=\"\" \/>                            <\/div>\r\n                        \r\n                                                    <h3 class=\"item--title\"><a href=\"https:\/\/emdproje.com\/en\/service\/otomasyon-ve-bina-yonetim-sistemleri\/\">Automation and Building Management Systems<\/a><\/h3>\r\n                                                                            <div class=\"item--content\">\r\n                                Automation systems ensure that mechanical and electrical infrastructure operates efficiently, in a controlled manner, and can be monitored.                            <\/div>\r\n                                                                            <div class=\"entry-readmore\">\r\n                                <a href=\"https:\/\/emdproje.com\/en\/service\/otomasyon-ve-bina-yonetim-sistemleri\/\">\r\n                                    See More                                    <i class=\"fac fac-angle-double-right space-left\"><\/i>\r\n                                <\/a>\r\n                                <a class=\"text-gradient\" href=\"https:\/\/emdproje.com\/en\/service\/otomasyon-ve-bina-yonetim-sistemleri\/\">\r\n                                    See More                                    <i class=\"fac fac-angle-double-right space-left\"><\/i>\r\n                                <\/a>\r\n                            <\/div>\r\n                                            <\/div>\r\n                <\/div>\r\n            <\/div>\r\n                    <div class=\"carousel-item slick-slide\">\r\n                <div class=\"grid-item-inner wow fadeInUp\">\r\n                    <div class=\"grid-item-holder\">\r\n                        <div class=\"item--overlay\"><\/div>\r\n\r\n                        \r\n                                                    <div class=\"item--icon\">\r\n                                <img loading=\"lazy\" decoding=\"async\" width=\"155\" height=\"140\" src=\"https:\/\/emdproje.com\/en\/wp-content\/uploads\/2025\/01\/3.jpg\" class=\"attachment-full\" alt=\"\" \/>                            <\/div>\r\n                        \r\n                                                    <h3 class=\"item--title\"><a href=\"https:\/\/emdproje.com\/en\/service\/proje-yonetimi-ve-taahhut-hizmetleri\/\">Project Management and Contracting Services<\/a><\/h3>\r\n                                                                            <div class=\"item--content\">\r\n                                Our company offers a single-point-of-contact approach for projects encompassing mechanical, electrical, and automation disciplines\u2026                            <\/div>\r\n                                                                            <div class=\"entry-readmore\">\r\n                                <a href=\"https:\/\/emdproje.com\/en\/service\/proje-yonetimi-ve-taahhut-hizmetleri\/\">\r\n                                    See More                                    <i class=\"fac fac-angle-double-right space-left\"><\/i>\r\n                                <\/a>\r\n                                <a class=\"text-gradient\" href=\"https:\/\/emdproje.com\/en\/service\/proje-yonetimi-ve-taahhut-hizmetleri\/\">\r\n                                    See More                                    <i class=\"fac fac-angle-double-right space-left\"><\/i>\r\n                                <\/a>\r\n                            <\/div>\r\n                                            <\/div>\r\n                <\/div>\r\n            <\/div>\r\n                    <div class=\"carousel-item slick-slide\">\r\n                <div class=\"grid-item-inner wow fadeInUp\">\r\n                    <div class=\"grid-item-holder\">\r\n                        <div class=\"item--overlay\"><\/div>\r\n\r\n                        \r\n                                                    <div class=\"item--icon\">\r\n                                <img loading=\"lazy\" decoding=\"async\" width=\"155\" height=\"140\" src=\"https:\/\/emdproje.com\/en\/wp-content\/uploads\/2019\/12\/4.jpg\" class=\"attachment-full\" alt=\"\" \/>                            <\/div>\r\n                        \r\n                                                    <h3 class=\"item--title\"><a href=\"https:\/\/emdproje.com\/en\/service\/devreye-alma-teslim-sonrasi-destek\/\">Commissioning &#038; Post-Delivery Support<\/a><\/h3>\r\n                                                                            <div class=\"item--content\">\r\n                                System Testing and Performance Checks, Commissioning Services                            <\/div>\r\n                                                                            <div class=\"entry-readmore\">\r\n                                <a href=\"https:\/\/emdproje.com\/en\/service\/devreye-alma-teslim-sonrasi-destek\/\">\r\n                                    See More                                    <i class=\"fac fac-angle-double-right space-left\"><\/i>\r\n                                <\/a>\r\n                                <a class=\"text-gradient\" href=\"https:\/\/emdproje.com\/en\/service\/devreye-alma-teslim-sonrasi-destek\/\">\r\n                                    See More                                    <i class=\"fac fac-angle-double-right space-left\"><\/i>\r\n                                <\/a>\r\n                            <\/div>\r\n                                            <\/div>\r\n                <\/div>\r\n            <\/div>\r\n                <\/div>\r\n    <\/div>\r\n<\/div>\r\n\t\t\t\t<\/div>\n\t\t\t\t<\/div>\n\t\t            <\/div>\n        <\/div>\n                    <\/div>\n        <\/section>\n                    <\/div>\n        <\/div>\n                    <\/div>\n        <\/section>\n        \t\t<\/div>\n\t\t","protected":false},"excerpt":{"rendered":"<p>Corporate Our Services Mekanik Tesisat Taahh\u00fct Hizmetleri Mekanik Tesisat Sistemleri, Projelerin Konfor, G\u00fcvenlik Ve Enerji Verimlili\u011fi A\u00e7\u0131s\u0131ndan En Kritik Bile\u015fenleridir. See More See More Otomasyon Ve Bina Y\u00f6netim Sistemleri Otomasyon sistemleri, mekanik ve elektrik altyap\u0131n\u0131n verimli, kontroll\u00fc ve izlenebilir \u015fekilde \u00e7al\u0131\u015fmas\u0131n\u0131 sa\u011flar. See More See More Proje Y\u00f6netimi Ve Taahh\u00fct Hizmetleri Firmam\u0131z, mekanik, elektrik ve [&hellip;]<\/p>\n","protected":false},"author":1,"featured_media":0,"parent":0,"menu_order":0,"comment_status":"closed","ping_status":"closed","template":"","meta":{"footnotes":""},"class_list":["post-10329","page","type-page","status-publish","hentry"],"_links":{"self":[{"href":"https:\/\/emdproje.com\/en\/wp-json\/wp\/v2\/pages\/10329","targetHints":{"allow":["GET"]}}],"collection":[{"href":"https:\/\/emdproje.com\/en\/wp-json\/wp\/v2\/pages"}],"about":[{"href":"https:\/\/emdproje.com\/en\/wp-json\/wp\/v2\/types\/page"}],"author":[{"embeddable":true,"href":"https:\/\/emdproje.com\/en\/wp-json\/wp\/v2\/users\/1"}],"replies":[{"embeddable":true,"href":"https:\/\/emdproje.com\/en\/wp-json\/wp\/v2\/comments?post=10329"}],"version-history":[{"count":20,"href":"https:\/\/emdproje.com\/en\/wp-json\/wp\/v2\/pages\/10329\/revisions"}],"predecessor-version":[{"id":10775,"href":"https:\/\/emdproje.com\/en\/wp-json\/wp\/v2\/pages\/10329\/revisions\/10775"}],"wp:attachment":[{"href":"https:\/\/emdproje.com\/en\/wp-json\/wp\/v2\/media?parent=10329"}],"curies":[{"name":"wp","href":"https:\/\/api.w.org\/{rel}","templated":true}]}}